{"id":1506,"date":"2022-07-08T15:20:24","date_gmt":"2022-07-08T13:20:24","guid":{"rendered":"http:\/\/citizenarenas.eu\/?page_id=1506"},"modified":"2022-07-20T17:52:58","modified_gmt":"2022-07-20T15:52:58","slug":"partners","status":"publish","type":"page","link":"https:\/\/citizenarenas.eu\/fr\/partners\/","title":{"rendered":"Partenaires"},"content":{"rendered":"<p><div class=\"fusion-fullwidth fullwidth-box fusion-builder-row-1 fusion-flex-container nonhundred-percent-fullwidth non-hundred-percent-height-scrolling\" style=\"--awb-border-radius-top-left:0px;--awb-border-radius-top-right:0px;--awb-border-radius-bottom-right:0px;--awb-border-radius-bottom-left:0px;--awb-flex-wrap:wrap;\" ><div class=\"fusion-builder-row fusion-row fusion-flex-align-items-flex-start fusion-flex-content-wrap\" style=\"max-width:1248px;margin-left: calc(-4% \/ 2 );margin-right: calc(-4% \/ 2 );\"><div class=\"fusion-layout-column fusion_builder_column fusion-builder-column-0 fusion_builder_column_1_1 1_1 fusion-flex-column\" style=\"--awb-bg-size:cover;--awb-width-large:100%;--awb-margin-top-large:0px;--awb-spacing-right-large:1.92%;--awb-margin-bottom-large:20px;--awb-spacing-left-large:1.92%;--awb-width-medium:100%;--awb-order-medium:0;--awb-spacing-right-medium:1.92%;--awb-spacing-left-medium:1.92%;--awb-width-small:100%;--awb-order-small:0;--awb-spacing-right-small:1.92%;--awb-spacing-left-small:1.92%;\"><div class=\"fusion-column-wrapper fusion-column-has-shadow fusion-flex-justify-content-flex-start fusion-content-layout-column\"><div class=\"fusion-title title fusion-title-1 fusion-sep-none fusion-title-text fusion-title-size-one\" style=\"--awb-margin-bottom:30px;--awb-margin-bottom-small:30px;\"><h1 class=\"fusion-title-heading title-heading-left\" style=\"margin:0;letter-spacing:-1px;\">Les partenaires de projet de CARE<\/h1><\/div><div class=\"fusion-title title fusion-title-2 fusion-sep-none fusion-title-text fusion-title-size-two\"><h2 class=\"fusion-title-heading title-heading-left\" style=\"margin:0;\">Ar\u00e8nes citoyennes pour l'am\u00e9lioration de la qualit\u00e9 de l'environnement et de l'utilisation des ressources dans les villes SMART-ER<\/h2><\/div><div class=\"fusion-text fusion-text-1\"><p style=\"text-align: left;\">figurent parmi les six meilleures universit\u00e9s d'Europe et sont membres de l'universit\u00e9 ECIU.<\/p>\n<\/div><div class=\"fusion-separator\" style=\"align-self: flex-start;margin-right:auto;margin-bottom:50px;width:100%;max-width:80px;\"><div class=\"fusion-separator-border sep-single sep-solid\" style=\"--awb-height:20px;--awb-amount:20px;--awb-sep-color:var(--awb-color4);border-color:var(--awb-color4);border-top-width:3px;\"><\/div><\/div><\/div><\/div><\/div><\/div><div class=\"fusion-fullwidth fullwidth-box fusion-builder-row-2 fusion-flex-container nonhundred-percent-fullwidth non-hundred-percent-height-scrolling\" style=\"--awb-border-radius-top-left:0px;--awb-border-radius-top-right:0px;--awb-border-radius-bottom-right:0px;--awb-border-radius-bottom-left:0px;--awb-flex-wrap:wrap;\" ><div class=\"fusion-builder-row fusion-row fusion-flex-align-items-flex-start fusion-flex-content-wrap\" style=\"max-width:1248px;margin-left: calc(-4% \/ 2 );margin-right: calc(-4% \/ 2 );\"><div class=\"fusion-layout-column fusion_builder_column fusion-builder-column-1 fusion_builder_column_1_3 1_3 fusion-flex-column\" style=\"--awb-bg-size:cover;--awb-width-large:33.333333333333%;--awb-margin-top-large:0px;--awb-spacing-right-large:5.76%;--awb-margin-bottom-large:20px;--awb-spacing-left-large:5.76%;--awb-width-medium:33.333333333333%;--awb-order-medium:0;--awb-spacing-right-medium:5.76%;--awb-spacing-left-medium:5.76%;--awb-width-small:100%;--awb-order-small:0;--awb-spacing-right-small:1.92%;--awb-spacing-left-small:1.92%;\"><div class=\"fusion-column-wrapper fusion-column-has-shadow fusion-flex-justify-content-flex-start fusion-content-layout-column\"><div class=\"fusion-image-element\" style=\"text-align:center;--awb-liftup-border-radius:0px;--awb-caption-title-font-family:var(--h2_typography-font-family);--awb-caption-title-font-weight:var(--h2_typography-font-weight);--awb-caption-title-font-style:var(--h2_typography-font-style);--awb-caption-title-size:var(--h2_typography-font-size);--awb-caption-title-transform:var(--h2_typography-text-transform);--awb-caption-title-line-height:var(--h2_typography-line-height);--awb-caption-title-letter-spacing:var(--h2_typography-letter-spacing);\"><div class=\"awb-image-frame awb-image-frame-1 imageframe-liftup\" style=\"max-width:120px;\"><span class=\"fusion-imageframe imageframe-none imageframe-1\"><a class=\"fusion-no-lightbox\" href=\"https:\/\/www.groupe-insa.fr\/\" target=\"_blank\" aria-label=\"insa\" rel=\"noopener noreferrer\"><img decoding=\"async\" width=\"600\" height=\"400\" alt=\"INSA\" src=\"http:\/\/citizenarenas.eu\/wp-content\/uploads\/2022\/07\/insa.png\" class=\"img-responsive wp-image-1314\" srcset=\"https:\/\/citizenarenas.eu\/wp-content\/uploads\/2022\/07\/insa-200x133.png 200w, https:\/\/citizenarenas.eu\/wp-content\/uploads\/2022\/07\/insa-400x267.png 400w, https:\/\/citizenarenas.eu\/wp-content\/uploads\/2022\/07\/insa.png 600w\" sizes=\"(max-width: 640px) 100vw, 400px\" \/><\/a><\/span><\/div><\/div><\/div><\/div><div class=\"fusion-layout-column fusion_builder_column fusion-builder-column-2 fusion_builder_column_1_3 1_3 fusion-flex-column\" style=\"--awb-bg-size:cover;--awb-width-large:33.333333333333%;--awb-margin-top-large:0px;--awb-spacing-right-large:5.76%;--awb-margin-bottom-large:20px;--awb-spacing-left-large:5.76%;--awb-width-medium:33.333333333333%;--awb-order-medium:0;--awb-spacing-right-medium:5.76%;--awb-spacing-left-medium:5.76%;--awb-width-small:100%;--awb-order-small:0;--awb-spacing-right-small:1.92%;--awb-spacing-left-small:1.92%;\"><div class=\"fusion-column-wrapper fusion-column-has-shadow fusion-flex-justify-content-flex-start fusion-content-layout-column\"><\/div><\/div><div class=\"fusion-layout-column fusion_builder_column fusion-builder-column-3 fusion_builder_column_1_3 1_3 fusion-flex-column\" style=\"--awb-bg-size:cover;--awb-width-large:33.333333333333%;--awb-margin-top-large:0px;--awb-spacing-right-large:5.76%;--awb-margin-bottom-large:20px;--awb-spacing-left-large:5.76%;--awb-width-medium:33.333333333333%;--awb-order-medium:0;--awb-spacing-right-medium:5.76%;--awb-spacing-left-medium:5.76%;--awb-width-small:100%;--awb-order-small:0;--awb-spacing-right-small:1.92%;--awb-spacing-left-small:1.92%;\"><div class=\"fusion-column-wrapper fusion-column-has-shadow fusion-flex-justify-content-flex-start fusion-content-layout-column\"><div class=\"fusion-image-element\" style=\"text-align:center;--awb-liftup-border-radius:0px;--awb-caption-title-font-family:var(--h2_typography-font-family);--awb-caption-title-font-weight:var(--h2_typography-font-weight);--awb-caption-title-font-style:var(--h2_typography-font-style);--awb-caption-title-size:var(--h2_typography-font-size);--awb-caption-title-transform:var(--h2_typography-text-transform);--awb-caption-title-line-height:var(--h2_typography-line-height);--awb-caption-title-letter-spacing:var(--h2_typography-letter-spacing);\"><div class=\"awb-image-frame awb-image-frame-2 imageframe-liftup\" style=\"max-width:120px;\"><span class=\"fusion-imageframe imageframe-none imageframe-2\"><a class=\"fusion-no-lightbox\" href=\"https:\/\/liu.se\/en\" target=\"_blank\" aria-label=\"linkoping\" rel=\"noopener noreferrer\"><img decoding=\"async\" width=\"600\" height=\"400\" alt=\"linkoping\" src=\"http:\/\/citizenarenas.eu\/wp-content\/uploads\/2022\/07\/linkoping.png\" class=\"img-responsive wp-image-1297\" srcset=\"https:\/\/citizenarenas.eu\/wp-content\/uploads\/2022\/07\/linkoping-200x133.png 200w, https:\/\/citizenarenas.eu\/wp-content\/uploads\/2022\/07\/linkoping-400x267.png 400w, https:\/\/citizenarenas.eu\/wp-content\/uploads\/2022\/07\/linkoping.png 600w\" sizes=\"(max-width: 640px) 100vw, 400px\" \/><\/a><\/span><\/div><\/div><\/div><\/div><\/div><\/div><div class=\"fusion-fullwidth fullwidth-box fusion-builder-row-3 fusion-flex-container nonhundred-percent-fullwidth non-hundred-percent-height-scrolling\" style=\"--awb-border-radius-top-left:0px;--awb-border-radius-top-right:0px;--awb-border-radius-bottom-right:0px;--awb-border-radius-bottom-left:0px;--awb-flex-wrap:wrap;\" ><div class=\"fusion-builder-row fusion-row fusion-flex-align-items-flex-start fusion-flex-content-wrap\" style=\"max-width:1248px;margin-left: calc(-4% \/ 2 );margin-right: calc(-4% \/ 2 );\"><div class=\"fusion-layout-column fusion_builder_column fusion-builder-column-4 fusion_builder_column_1_5 1_5 fusion-flex-column\" style=\"--awb-bg-size:cover;--awb-width-large:20%;--awb-margin-top-large:0px;--awb-spacing-right-large:9.6%;--awb-margin-bottom-large:20px;--awb-spacing-left-large:9.6%;--awb-width-medium:20%;--awb-order-medium:0;--awb-spacing-right-medium:9.6%;--awb-spacing-left-medium:9.6%;--awb-width-small:100%;--awb-order-small:0;--awb-spacing-right-small:1.92%;--awb-spacing-left-small:1.92%;\"><div class=\"fusion-column-wrapper fusion-column-has-shadow fusion-flex-justify-content-flex-start fusion-content-layout-column\"><div class=\"fusion-image-element\" style=\"text-align:center;--awb-liftup-border-radius:0px;--awb-caption-title-font-family:var(--h2_typography-font-family);--awb-caption-title-font-weight:var(--h2_typography-font-weight);--awb-caption-title-font-style:var(--h2_typography-font-style);--awb-caption-title-size:var(--h2_typography-font-size);--awb-caption-title-transform:var(--h2_typography-text-transform);--awb-caption-title-line-height:var(--h2_typography-line-height);--awb-caption-title-letter-spacing:var(--h2_typography-letter-spacing);\"><div class=\"awb-image-frame awb-image-frame-3 imageframe-liftup\" style=\"max-width:120px;\"><span class=\"fusion-imageframe imageframe-none imageframe-3\"><a class=\"fusion-no-lightbox\" href=\"https:\/\/www.dcu.ie\/\" target=\"_blank\" aria-label=\"DCU\" rel=\"noopener noreferrer\"><img decoding=\"async\" width=\"600\" height=\"400\" alt=\"DCU\" src=\"http:\/\/citizenarenas.eu\/wp-content\/uploads\/2022\/07\/DCU.png\" class=\"img-responsive wp-image-1322\" srcset=\"https:\/\/citizenarenas.eu\/wp-content\/uploads\/2022\/07\/DCU-200x133.png 200w, https:\/\/citizenarenas.eu\/wp-content\/uploads\/2022\/07\/DCU-400x267.png 400w, https:\/\/citizenarenas.eu\/wp-content\/uploads\/2022\/07\/DCU.png 600w\" sizes=\"(max-width: 640px) 100vw, 200px\" \/><\/a><\/span><\/div><\/div><\/div><\/div><div class=\"fusion-layout-column fusion_builder_column fusion-builder-column-5 fusion_builder_column_1_5 1_5 fusion-flex-column\" style=\"--awb-bg-size:cover;--awb-width-large:20%;--awb-margin-top-large:0px;--awb-spacing-right-large:9.6%;--awb-margin-bottom-large:20px;--awb-spacing-left-large:9.6%;--awb-width-medium:20%;--awb-order-medium:0;--awb-spacing-right-medium:9.6%;--awb-spacing-left-medium:9.6%;--awb-width-small:100%;--awb-order-small:0;--awb-spacing-right-small:1.92%;--awb-spacing-left-small:1.92%;\"><div class=\"fusion-column-wrapper fusion-column-has-shadow fusion-flex-justify-content-flex-start fusion-content-layout-column\"><\/div><\/div><div class=\"fusion-layout-column fusion_builder_column fusion-builder-column-6 fusion_builder_column_1_5 1_5 fusion-flex-column\" style=\"--awb-bg-size:cover;--awb-width-large:20%;--awb-margin-top-large:0px;--awb-spacing-right-large:9.6%;--awb-margin-bottom-large:20px;--awb-spacing-left-large:9.6%;--awb-width-medium:20%;--awb-order-medium:0;--awb-spacing-right-medium:9.6%;--awb-spacing-left-medium:9.6%;--awb-width-small:100%;--awb-order-small:0;--awb-spacing-right-small:1.92%;--awb-spacing-left-small:1.92%;\"><div class=\"fusion-column-wrapper fusion-column-has-shadow fusion-flex-justify-content-flex-start fusion-content-layout-column\"><div class=\"fusion-image-element\" style=\"text-align:center;--awb-liftup-border-radius:0px;--awb-caption-title-font-family:var(--h2_typography-font-family);--awb-caption-title-font-weight:var(--h2_typography-font-weight);--awb-caption-title-font-style:var(--h2_typography-font-style);--awb-caption-title-size:var(--h2_typography-font-size);--awb-caption-title-transform:var(--h2_typography-text-transform);--awb-caption-title-line-height:var(--h2_typography-line-height);--awb-caption-title-letter-spacing:var(--h2_typography-letter-spacing);\"><div class=\"awb-image-frame awb-image-frame-4 imageframe-liftup\" style=\"max-width:150px;\"><span class=\"fusion-imageframe imageframe-none imageframe-4\"><a class=\"fusion-no-lightbox\" href=\"https:\/\/www.eciu.org\/\" target=\"_blank\" aria-label=\"ECIU\" rel=\"noopener noreferrer\"><img decoding=\"async\" width=\"300\" height=\"204\" alt=\"ECIU\" src=\"http:\/\/citizenarenas.eu\/wp-content\/uploads\/2022\/06\/ECIU-300x204.jpg\" class=\"img-responsive wp-image-1209\" srcset=\"https:\/\/citizenarenas.eu\/wp-content\/uploads\/2022\/06\/ECIU-200x136.jpg 200w, https:\/\/citizenarenas.eu\/wp-content\/uploads\/2022\/06\/ECIU-400x272.jpg 400w, https:\/\/citizenarenas.eu\/wp-content\/uploads\/2022\/06\/ECIU.jpg 474w\" sizes=\"(max-width: 640px) 100vw, 200px\" \/><\/a><\/span><\/div><\/div><\/div><\/div><div class=\"fusion-layout-column fusion_builder_column fusion-builder-column-7 fusion_builder_column_1_5 1_5 fusion-flex-column\" style=\"--awb-bg-size:cover;--awb-width-large:20%;--awb-margin-top-large:0px;--awb-spacing-right-large:9.6%;--awb-margin-bottom-large:20px;--awb-spacing-left-large:9.6%;--awb-width-medium:20%;--awb-order-medium:0;--awb-spacing-right-medium:9.6%;--awb-spacing-left-medium:9.6%;--awb-width-small:100%;--awb-order-small:0;--awb-spacing-right-small:1.92%;--awb-spacing-left-small:1.92%;\"><div class=\"fusion-column-wrapper fusion-column-has-shadow fusion-flex-justify-content-flex-start fusion-content-layout-column\"><\/div><\/div><div class=\"fusion-layout-column fusion_builder_column fusion-builder-column-8 fusion_builder_column_1_5 1_5 fusion-flex-column\" style=\"--awb-bg-size:cover;--awb-width-large:20%;--awb-margin-top-large:0px;--awb-spacing-right-large:9.6%;--awb-margin-bottom-large:20px;--awb-spacing-left-large:9.6%;--awb-width-medium:20%;--awb-order-medium:0;--awb-spacing-right-medium:9.6%;--awb-spacing-left-medium:9.6%;--awb-width-small:100%;--awb-order-small:0;--awb-spacing-right-small:1.92%;--awb-spacing-left-small:1.92%;\"><div class=\"fusion-column-wrapper fusion-column-has-shadow fusion-flex-justify-content-flex-start fusion-content-layout-column\"><div class=\"fusion-image-element\" style=\"text-align:center;--awb-liftup-border-radius:0px;--awb-caption-title-font-family:var(--h2_typography-font-family);--awb-caption-title-font-weight:var(--h2_typography-font-weight);--awb-caption-title-font-style:var(--h2_typography-font-style);--awb-caption-title-size:var(--h2_typography-font-size);--awb-caption-title-transform:var(--h2_typography-text-transform);--awb-caption-title-line-height:var(--h2_typography-line-height);--awb-caption-title-letter-spacing:var(--h2_typography-letter-spacing);\"><div class=\"awb-image-frame awb-image-frame-5 imageframe-liftup\" style=\"max-width:120px;\"><span class=\"fusion-imageframe imageframe-none imageframe-5\"><a class=\"fusion-no-lightbox\" href=\"https:\/\/www.ua.pt\/\" target=\"_blank\" aria-label=\"Logo_uab\" rel=\"noopener noreferrer\"><img decoding=\"async\" width=\"600\" height=\"400\" alt=\"UA\" src=\"http:\/\/citizenarenas.eu\/wp-content\/uploads\/2022\/07\/Logo_uab.png\" class=\"img-responsive wp-image-1274\" srcset=\"https:\/\/citizenarenas.eu\/wp-content\/uploads\/2022\/07\/Logo_uab-200x133.png 200w, https:\/\/citizenarenas.eu\/wp-content\/uploads\/2022\/07\/Logo_uab-400x267.png 400w, https:\/\/citizenarenas.eu\/wp-content\/uploads\/2022\/07\/Logo_uab.png 600w\" sizes=\"(max-width: 640px) 100vw, 200px\" \/><\/a><\/span><\/div><\/div><\/div><\/div><\/div><\/div><div class=\"fusion-fullwidth fullwidth-box fusion-builder-row-4 fusion-flex-container nonhundred-percent-fullwidth non-hundred-percent-height-scrolling\" style=\"--awb-border-radius-top-left:0px;--awb-border-radius-top-right:0px;--awb-border-radius-bottom-right:0px;--awb-border-radius-bottom-left:0px;--awb-flex-wrap:wrap;\" ><div class=\"fusion-builder-row fusion-row fusion-flex-align-items-flex-start fusion-flex-content-wrap\" style=\"max-width:1248px;margin-left: calc(-4% \/ 2 );margin-right: calc(-4% \/ 2 );\"><div class=\"fusion-layout-column fusion_builder_column fusion-builder-column-9 fusion_builder_column_1_3 1_3 fusion-flex-column\" style=\"--awb-bg-size:cover;--awb-width-large:33.333333333333%;--awb-margin-top-large:0px;--awb-spacing-right-large:5.76%;--awb-margin-bottom-large:20px;--awb-spacing-left-large:5.76%;--awb-width-medium:33.333333333333%;--awb-order-medium:0;--awb-spacing-right-medium:5.76%;--awb-spacing-left-medium:5.76%;--awb-width-small:100%;--awb-order-small:0;--awb-spacing-right-small:1.92%;--awb-spacing-left-small:1.92%;\"><div class=\"fusion-column-wrapper fusion-column-has-shadow fusion-flex-justify-content-flex-start fusion-content-layout-column\"><div class=\"fusion-image-element\" style=\"text-align:center;--awb-liftup-border-radius:0px;--awb-caption-title-font-family:var(--h2_typography-font-family);--awb-caption-title-font-weight:var(--h2_typography-font-weight);--awb-caption-title-font-style:var(--h2_typography-font-style);--awb-caption-title-size:var(--h2_typography-font-size);--awb-caption-title-transform:var(--h2_typography-text-transform);--awb-caption-title-line-height:var(--h2_typography-line-height);--awb-caption-title-letter-spacing:var(--h2_typography-letter-spacing);\"><div class=\"awb-image-frame awb-image-frame-6 imageframe-liftup\" style=\"max-width:120px;\"><span class=\"fusion-imageframe imageframe-none imageframe-6\"><a class=\"fusion-no-lightbox\" href=\"https:\/\/en.ktu.edu\/\" target=\"_blank\" aria-label=\"ktu\" rel=\"noopener noreferrer\"><img decoding=\"async\" width=\"300\" height=\"144\" alt=\"KTU\" src=\"http:\/\/citizenarenas.eu\/wp-content\/uploads\/2022\/06\/ktu-300x144.png\" class=\"img-responsive wp-image-1213\" srcset=\"https:\/\/citizenarenas.eu\/wp-content\/uploads\/2022\/06\/ktu-200x96.png 200w, https:\/\/citizenarenas.eu\/wp-content\/uploads\/2022\/06\/ktu.png 338w\" sizes=\"(max-width: 640px) 100vw, 300px\" \/><\/a><\/span><\/div><\/div><\/div><\/div><div class=\"fusion-layout-column fusion_builder_column fusion-builder-column-10 fusion_builder_column_1_3 1_3 fusion-flex-column\" style=\"--awb-bg-size:cover;--awb-width-large:33.333333333333%;--awb-margin-top-large:0px;--awb-spacing-right-large:5.76%;--awb-margin-bottom-large:20px;--awb-spacing-left-large:5.76%;--awb-width-medium:33.333333333333%;--awb-order-medium:0;--awb-spacing-right-medium:5.76%;--awb-spacing-left-medium:5.76%;--awb-width-small:100%;--awb-order-small:0;--awb-spacing-right-small:1.92%;--awb-spacing-left-small:1.92%;\"><div class=\"fusion-column-wrapper fusion-column-has-shadow fusion-flex-justify-content-flex-start fusion-content-layout-column\"><\/div><\/div><div class=\"fusion-layout-column fusion_builder_column fusion-builder-column-11 fusion_builder_column_1_3 1_3 fusion-flex-column\" style=\"--awb-bg-size:cover;--awb-width-large:33.333333333333%;--awb-margin-top-large:0px;--awb-spacing-right-large:5.76%;--awb-margin-bottom-large:20px;--awb-spacing-left-large:5.76%;--awb-width-medium:33.333333333333%;--awb-order-medium:0;--awb-spacing-right-medium:5.76%;--awb-spacing-left-medium:5.76%;--awb-width-small:100%;--awb-order-small:0;--awb-spacing-right-small:1.92%;--awb-spacing-left-small:1.92%;\"><div class=\"fusion-column-wrapper fusion-column-has-shadow fusion-flex-justify-content-flex-start fusion-content-layout-column\"><div class=\"fusion-image-element\" style=\"text-align:center;--awb-liftup-border-radius:0px;--awb-caption-title-font-family:var(--h2_typography-font-family);--awb-caption-title-font-weight:var(--h2_typography-font-weight);--awb-caption-title-font-style:var(--h2_typography-font-style);--awb-caption-title-size:var(--h2_typography-font-size);--awb-caption-title-transform:var(--h2_typography-text-transform);--awb-caption-title-line-height:var(--h2_typography-line-height);--awb-caption-title-letter-spacing:var(--h2_typography-letter-spacing);\"><div class=\"awb-image-frame awb-image-frame-7 imageframe-liftup\" style=\"max-width:120px;\"><span class=\"fusion-imageframe imageframe-none imageframe-7\"><a class=\"fusion-no-lightbox\" href=\"https:\/\/www.ua.pt\/\" target=\"_blank\" aria-label=\"aveiro\" rel=\"noopener noreferrer\"><img decoding=\"async\" width=\"600\" height=\"400\" alt=\"UA\" src=\"http:\/\/citizenarenas.eu\/wp-content\/uploads\/2022\/07\/aveiro-1.jpg\" class=\"img-responsive wp-image-1289\" srcset=\"https:\/\/citizenarenas.eu\/wp-content\/uploads\/2022\/07\/aveiro-1-200x133.jpg 200w, https:\/\/citizenarenas.eu\/wp-content\/uploads\/2022\/07\/aveiro-1-400x267.jpg 400w, https:\/\/citizenarenas.eu\/wp-content\/uploads\/2022\/07\/aveiro-1.jpg 600w\" sizes=\"(max-width: 640px) 100vw, 400px\" \/><\/a><\/span><\/div><\/div><\/div><\/div><\/div><\/div><\/p>","protected":false},"excerpt":{"rendered":"","protected":false},"author":2,"featured_media":0,"parent":0,"menu_order":0,"comment_status":"closed","ping_status":"closed","template":"","meta":{"footnotes":""},"class_list":["post-1506","page","type-page","status-publish","hentry"],"yoast_head":"<!-- This site is optimized with the Yoast SEO plugin v21.7 - https:\/\/yoast.com\/wordpress\/plugins\/seo\/ -->\n<title>Partners - Citizen Arenas for Improved Resource Management &amp; Environmental Quality<\/title>\n<meta name=\"robots\" content=\"index, follow, max-snippet:-1, max-image-preview:large, max-video-preview:-1\" \/>\n<link rel=\"canonical\" href=\"https:\/\/citizenarenas.eu\/fr\/partners\/\" \/>\n<meta property=\"og:locale\" content=\"fr_FR\" \/>\n<meta property=\"og:type\" content=\"article\" \/>\n<meta property=\"og:title\" content=\"Partners - Citizen Arenas for Improved Resource Management &amp; Environmental Quality\" \/>\n<meta property=\"og:url\" content=\"https:\/\/citizenarenas.eu\/fr\/partners\/\" \/>\n<meta property=\"og:site_name\" content=\"Citizen Arenas for Improved Resource Management &amp; Environmental Quality\" \/>\n<meta property=\"article:modified_time\" content=\"2022-07-20T15:52:58+00:00\" \/>\n<meta name=\"twitter:card\" content=\"summary_large_image\" \/>\n<meta name=\"twitter:label1\" content=\"Dur\u00e9e de lecture estim\u00e9e\" \/>\n\t<meta name=\"twitter:data1\" content=\"18 minutes\" \/>\n<script type=\"application\/ld+json\" class=\"yoast-schema-graph\">{\"@context\":\"https:\/\/schema.org\",\"@graph\":[{\"@type\":\"WebPage\",\"@id\":\"http:\/\/citizenarenas.eu\/en\/partners\/\",\"url\":\"http:\/\/citizenarenas.eu\/en\/partners\/\",\"name\":\"Partners - Citizen Arenas for Improved Resource Management &amp; Environmental Quality\",\"isPartOf\":{\"@id\":\"http:\/\/citizenarenas.eu\/en\/#website\"},\"datePublished\":\"2022-07-08T13:20:24+00:00\",\"dateModified\":\"2022-07-20T15:52:58+00:00\",\"breadcrumb\":{\"@id\":\"http:\/\/citizenarenas.eu\/en\/partners\/#breadcrumb\"},\"inLanguage\":\"fr-FR\",\"potentialAction\":[{\"@type\":\"ReadAction\",\"target\":[\"http:\/\/citizenarenas.eu\/en\/partners\/\"]}]},{\"@type\":\"BreadcrumbList\",\"@id\":\"http:\/\/citizenarenas.eu\/en\/partners\/#breadcrumb\",\"itemListElement\":[{\"@type\":\"ListItem\",\"position\":1,\"name\":\"Accueil\",\"item\":\"http:\/\/citizenarenas.eu\/en\/\"},{\"@type\":\"ListItem\",\"position\":2,\"name\":\"Partners\"}]},{\"@type\":\"WebSite\",\"@id\":\"http:\/\/citizenarenas.eu\/en\/#website\",\"url\":\"http:\/\/citizenarenas.eu\/en\/\",\"name\":\"Citizen Arenas for Improved Resource Management &amp; Environmental Quality\",\"description\":\"\",\"potentialAction\":[{\"@type\":\"SearchAction\",\"target\":{\"@type\":\"EntryPoint\",\"urlTemplate\":\"http:\/\/citizenarenas.eu\/en\/?s={search_term_string}\"},\"query-input\":\"required name=search_term_string\"}],\"inLanguage\":\"fr-FR\"}]}<\/script>\n<!-- \/ Yoast SEO plugin. -->","yoast_head_json":{"title":"Partners - Citizen Arenas for Improved Resource Management &amp; Environmental Quality","robots":{"index":"index","follow":"follow","max-snippet":"max-snippet:-1","max-image-preview":"max-image-preview:large","max-video-preview":"max-video-preview:-1"},"canonical":"https:\/\/citizenarenas.eu\/fr\/partners\/","og_locale":"fr_FR","og_type":"article","og_title":"Partners - Citizen Arenas for Improved Resource Management &amp; Environmental Quality","og_url":"https:\/\/citizenarenas.eu\/fr\/partners\/","og_site_name":"Citizen Arenas for Improved Resource Management &amp; Environmental Quality","article_modified_time":"2022-07-20T15:52:58+00:00","twitter_card":"summary_large_image","twitter_misc":{"Dur\u00e9e de lecture estim\u00e9e":"18 minutes"},"schema":{"@context":"https:\/\/schema.org","@graph":[{"@type":"WebPage","@id":"http:\/\/citizenarenas.eu\/en\/partners\/","url":"http:\/\/citizenarenas.eu\/en\/partners\/","name":"Partners - Citizen Arenas for Improved Resource Management &amp; Environmental Quality","isPartOf":{"@id":"http:\/\/citizenarenas.eu\/en\/#website"},"datePublished":"2022-07-08T13:20:24+00:00","dateModified":"2022-07-20T15:52:58+00:00","breadcrumb":{"@id":"http:\/\/citizenarenas.eu\/en\/partners\/#breadcrumb"},"inLanguage":"fr-FR","potentialAction":[{"@type":"ReadAction","target":["http:\/\/citizenarenas.eu\/en\/partners\/"]}]},{"@type":"BreadcrumbList","@id":"http:\/\/citizenarenas.eu\/en\/partners\/#breadcrumb","itemListElement":[{"@type":"ListItem","position":1,"name":"Accueil","item":"http:\/\/citizenarenas.eu\/en\/"},{"@type":"ListItem","position":2,"name":"Partners"}]},{"@type":"WebSite","@id":"http:\/\/citizenarenas.eu\/en\/#website","url":"http:\/\/citizenarenas.eu\/en\/","name":"Citizen Arenas for Improved Resource Management &amp; Environmental Quality","description":"","potentialAction":[{"@type":"SearchAction","target":{"@type":"EntryPoint","urlTemplate":"http:\/\/citizenarenas.eu\/en\/?s={search_term_string}"},"query-input":"required name=search_term_string"}],"inLanguage":"fr-FR"}]}},"_links":{"self":[{"href":"https:\/\/citizenarenas.eu\/fr\/wp-json\/wp\/v2\/pages\/1506","targetHints":{"allow":["GET"]}}],"collection":[{"href":"https:\/\/citizenarenas.eu\/fr\/wp-json\/wp\/v2\/pages"}],"about":[{"href":"https:\/\/citizenarenas.eu\/fr\/wp-json\/wp\/v2\/types\/page"}],"author":[{"embeddable":true,"href":"https:\/\/citizenarenas.eu\/fr\/wp-json\/wp\/v2\/users\/2"}],"replies":[{"embeddable":true,"href":"https:\/\/citizenarenas.eu\/fr\/wp-json\/wp\/v2\/comments?post=1506"}],"version-history":[{"count":9,"href":"https:\/\/citizenarenas.eu\/fr\/wp-json\/wp\/v2\/pages\/1506\/revisions"}],"predecessor-version":[{"id":4070,"href":"https:\/\/citizenarenas.eu\/fr\/wp-json\/wp\/v2\/pages\/1506\/revisions\/4070"}],"wp:attachment":[{"href":"https:\/\/citizenarenas.eu\/fr\/wp-json\/wp\/v2\/media?parent=1506"}],"curies":[{"name":"wp","href":"https:\/\/api.w.org\/{rel}","templated":true}]}}